{"id":120,"date":"2025-12-07T01:04:07","date_gmt":"2025-12-07T01:04:07","guid":{"rendered":"https:\/\/jacasesores.com\/wordpress\/?page_id=120"},"modified":"2025-12-07T01:30:47","modified_gmt":"2025-12-07T01:30:47","slug":"120-2","status":"publish","type":"page","link":"https:\/\/jacasesores.com\/wordpress\/index.php\/120-2\/","title":{"rendered":"Nuestros Servicios"},"content":{"rendered":"<h2 data-start=\"1079\" data-end=\"1097\">C\u00f3mo trabajamos<\/h2>\n<p data-start=\"1099\" data-end=\"1139\">Nuestro enfoque es claro y estructurado:<\/p>\n<ol data-start=\"1141\" data-end=\"1593\">\n<li data-start=\"1141\" data-end=\"1249\">\n<p data-start=\"1144\" data-end=\"1249\"><strong data-start=\"1144\" data-end=\"1171\">Diagn\u00f3stico estrat\u00e9gico: <\/strong>Analizamos el estado actual del negocio, sus retos y prioridades reales.<\/p>\n<\/li>\n<li data-start=\"1251\" data-end=\"1356\">\n<p data-start=\"1254\" data-end=\"1356\"><strong data-start=\"1254\" data-end=\"1279\">Definici\u00f3n de alcance: <\/strong>Alineamos objetivos, entregables y esfuerzo seg\u00fan la etapa del negocio.<\/p>\n<\/li>\n<li data-start=\"1358\" data-end=\"1474\">\n<p data-start=\"1361\" data-end=\"1474\"><strong data-start=\"1361\" data-end=\"1401\">Construcci\u00f3n de soluciones pr\u00e1cticas: <\/strong>Dise\u00f1amos estructuras, procesos y documentos que realmente se usan.<\/p>\n<\/li>\n<li data-start=\"1476\" data-end=\"1593\">\n<p data-start=\"1479\" data-end=\"1593\"><strong data-start=\"1479\" data-end=\"1507\">Acompa\u00f1amiento y ajustes: <\/strong>Refinamos y ajustamos para asegurar que las soluciones funcionen en la pr\u00e1ctica.<\/p>\n<\/li>\n<\/ol>\n<h2 data-start=\"1597\" data-end=\"1659\">Nuestros Paquetes:<\/h2>\n<hr data-start=\"1959\" data-end=\"1962\" \/>\n<h2 data-start=\"1964\" data-end=\"1984\">Arranque S\u00f3lido<\/h2>\n<h3 data-start=\"1985\" data-end=\"2012\">Fundamentos del Negocio<\/h3>\n<p data-start=\"2014\" data-end=\"2112\"><strong data-start=\"2014\" data-end=\"2028\">Ideal para<\/strong><br data-start=\"2028\" data-end=\"2031\" \/>Negocios que est\u00e1n iniciando o que operan sin una estructura clara y consistente.<\/p>\n<h3 data-start=\"2114\" data-end=\"2129\">Qu\u00e9 hacemos<\/h3>\n<ul data-start=\"2130\" data-end=\"2368\">\n<li data-start=\"2130\" data-end=\"2169\">\n<p data-start=\"2132\" data-end=\"2169\">Diagn\u00f3stico estrat\u00e9gico del negocio<\/p>\n<\/li>\n<li data-start=\"2170\" data-end=\"2218\">\n<p data-start=\"2172\" data-end=\"2218\">Definici\u00f3n o ajuste de la propuesta de valor<\/p>\n<\/li>\n<li data-start=\"2219\" data-end=\"2260\">\n<p data-start=\"2221\" data-end=\"2260\">Estructuraci\u00f3n clara de los servicios<\/p>\n<\/li>\n<li data-start=\"2261\" data-end=\"2300\">\n<p data-start=\"2263\" data-end=\"2300\">Criterios de pricing y tarifas base<\/p>\n<\/li>\n<li data-start=\"2301\" data-end=\"2333\">\n<p data-start=\"2303\" data-end=\"2333\">Propuesta comercial editable<\/p>\n<\/li>\n<li data-start=\"2334\" data-end=\"2368\">\n<p data-start=\"2336\" data-end=\"2368\">Roadmap estrat\u00e9gico de 90 d\u00edas<\/p>\n<\/li>\n<\/ul>\n<h3 data-start=\"2370\" data-end=\"2386\">Qu\u00e9 obtienes<\/h3>\n<p data-start=\"2387\" data-end=\"2528\">Claridad total sobre qu\u00e9 vendes, c\u00f3mo lo vendes y c\u00f3mo comunicarlo con seguridad. Una base s\u00f3lida para crecer sin improvisaci\u00f3n ni retrabajo.<\/p>\n<h3 data-start=\"2530\" data-end=\"2551\">Esfuerzo estimado<\/h3>\n<p data-start=\"2552\" data-end=\"2627\"><strong data-start=\"2552\" data-end=\"2569\">12 a 18 horas<\/strong>, dependiendo del nivel de claridad y madurez del negocio.<\/p>\n<hr data-start=\"2629\" data-end=\"2632\" \/>\n<h2 data-start=\"2634\" data-end=\"2652\">Kit Operativo<\/h2>\n<h3 data-start=\"2653\" data-end=\"2678\">Procesos y Est\u00e1ndares<\/h3>\n<p data-start=\"2680\" data-end=\"2799\"><strong data-start=\"2680\" data-end=\"2694\">Ideal para<\/strong><br data-start=\"2694\" data-end=\"2697\" \/>Negocios que ya venden, pero operan con desgaste, desorden o dependencia excesiva del esfuerzo manual.<\/p>\n<h3 data-start=\"2801\" data-end=\"2816\">Qu\u00e9 hacemos<\/h3>\n<ul data-start=\"2817\" data-end=\"3093\">\n<li data-start=\"2817\" data-end=\"2870\">\n<p data-start=\"2819\" data-end=\"2870\">Mapeo de procesos clave (de cotizaci\u00f3n a entrega)<\/p>\n<\/li>\n<li data-start=\"2871\" data-end=\"2911\">\n<p data-start=\"2873\" data-end=\"2911\">Dise\u00f1o de flujos operativos est\u00e1ndar<\/p>\n<\/li>\n<li data-start=\"2912\" data-end=\"2962\">\n<p data-start=\"2914\" data-end=\"2962\">Pol\u00edticas de cambios y condiciones comerciales<\/p>\n<\/li>\n<li data-start=\"2963\" data-end=\"3042\">\n<p data-start=\"2965\" data-end=\"3042\">Formatos operativos esenciales (cotizaci\u00f3n, alcance, revisiones, checklist)<\/p>\n<\/li>\n<li data-start=\"3043\" data-end=\"3093\">\n<p data-start=\"3045\" data-end=\"3093\">Protocolos b\u00e1sicos de comunicaci\u00f3n y operaci\u00f3n<\/p>\n<\/li>\n<\/ul>\n<h3 data-start=\"3095\" data-end=\"3111\">Qu\u00e9 obtienes<\/h3>\n<p data-start=\"3112\" data-end=\"3236\">Una operaci\u00f3n m\u00e1s ordenada, eficiente y menos reactiva. Procesos claros que reducen errores, retrabajo y desgaste operativo.<\/p>\n<h3 data-start=\"3238\" data-end=\"3259\">Esfuerzo estimado<\/h3>\n<p data-start=\"3260\" data-end=\"3315\"><strong data-start=\"3260\" data-end=\"3277\">20 a 28 horas<\/strong>, seg\u00fan el nivel de estructura previa.<\/p>\n<hr data-start=\"3317\" data-end=\"3320\" \/>\n<h2 data-start=\"3322\" data-end=\"3354\">Estructura Comercial Avanzada<\/h2>\n<p data-start=\"3356\" data-end=\"3466\"><strong data-start=\"3356\" data-end=\"3370\">Ideal para<\/strong><br data-start=\"3370\" data-end=\"3373\" \/>Negocios que buscan profesionalizar su operaci\u00f3n, mejorar m\u00e1rgenes y atraer mejores clientes.<\/p>\n<h3 data-start=\"3468\" data-end=\"3483\">Qu\u00e9 hacemos<\/h3>\n<ul data-start=\"3484\" data-end=\"3725\">\n<li data-start=\"3484\" data-end=\"3531\">\n<p data-start=\"3486\" data-end=\"3531\">An\u00e1lisis de posicionamiento y cliente ideal<\/p>\n<\/li>\n<li data-start=\"3532\" data-end=\"3570\">\n<p data-start=\"3534\" data-end=\"3570\">Revisi\u00f3n y optimizaci\u00f3n de pricing<\/p>\n<\/li>\n<li data-start=\"3571\" data-end=\"3616\">\n<p data-start=\"3573\" data-end=\"3616\">Estandarizaci\u00f3n de propuestas comerciales<\/p>\n<\/li>\n<li data-start=\"3617\" data-end=\"3666\">\n<p data-start=\"3619\" data-end=\"3666\">Sistema de cotizaci\u00f3n m\u00e1s claro y consistente<\/p>\n<\/li>\n<li data-start=\"3667\" data-end=\"3725\">\n<p data-start=\"3669\" data-end=\"3725\">Revisi\u00f3n y mejora de documentos comerciales existentes<\/p>\n<\/li>\n<\/ul>\n<h3 data-start=\"3727\" data-end=\"3743\">Qu\u00e9 obtienes<\/h3>\n<p data-start=\"3744\" data-end=\"3832\">Una estructura comercial m\u00e1s s\u00f3lida, rentable y profesional frente a clientes y aliados.<\/p>\n<h3 data-start=\"3834\" data-end=\"3855\">Esfuerzo estimado<\/h3>\n<p data-start=\"3856\" data-end=\"3924\"><strong data-start=\"3856\" data-end=\"3873\">14 a 20 horas<\/strong>, dependiendo de la calidad del material existente.<\/p>\n<hr data-start=\"3926\" data-end=\"3929\" \/>\n<h2 data-start=\"3931\" data-end=\"3970\">Acompa\u00f1amiento Estrat\u00e9gico Mensual<\/h2>\n<h3 data-start=\"3971\" data-end=\"3992\">Servicio Continuo<\/h3>\n<p data-start=\"3994\" data-end=\"4095\"><strong data-start=\"3994\" data-end=\"4008\">Ideal para<\/strong><br data-start=\"4008\" data-end=\"4011\" \/>Negocios que desean crecer con direcci\u00f3n estrat\u00e9gica y soporte consultivo constante.<\/p>\n<h3 data-start=\"4097\" data-end=\"4112\">Qu\u00e9 hacemos<\/h3>\n<ul data-start=\"4113\" data-end=\"4351\">\n<li data-start=\"4113\" data-end=\"4148\">\n<p data-start=\"4115\" data-end=\"4148\">Sesiones estrat\u00e9gicas mensuales<\/p>\n<\/li>\n<li data-start=\"4149\" data-end=\"4197\">\n<p data-start=\"4151\" data-end=\"4197\">Seguimiento y ajuste del roadmap del negocio<\/p>\n<\/li>\n<li data-start=\"4198\" data-end=\"4248\">\n<p data-start=\"4200\" data-end=\"4248\">Optimizaci\u00f3n continua de procesos y materiales<\/p>\n<\/li>\n<li data-start=\"4249\" data-end=\"4319\">\n<p data-start=\"4251\" data-end=\"4319\">Brainstorm estrat\u00e9gico (precio, paquetes, comunicaci\u00f3n, operaci\u00f3n)<\/p>\n<\/li>\n<li data-start=\"4320\" data-end=\"4351\">\n<p data-start=\"4322\" data-end=\"4351\">Soporte en decisiones clave<\/p>\n<\/li>\n<\/ul>\n<h3 data-start=\"4353\" data-end=\"4369\">Qu\u00e9 obtienes<\/h3>\n<p data-start=\"4370\" data-end=\"4478\">Crecimiento sostenido con acompa\u00f1amiento experto, foco estrat\u00e9gico y mayor calidad en la toma de decisiones.<\/p>\n<h3 data-start=\"4480\" data-end=\"4501\">Esfuerzo estimado<\/h3>\n<p data-start=\"4502\" data-end=\"4572\"><strong data-start=\"4502\" data-end=\"4528\">6 a 10 horas mensuales<\/strong>, seg\u00fan el nivel de acompa\u00f1amiento acordado.<\/p>\n<hr data-start=\"4574\" data-end=\"4577\" \/>\n<h2 data-start=\"4579\" data-end=\"4603\">Diagn\u00f3stico Express<\/h2>\n<h3 data-start=\"4604\" data-end=\"4641\">Diagn\u00f3stico + Mini Plan de Acci\u00f3n<\/h3>\n<p data-start=\"4643\" data-end=\"4740\"><strong data-start=\"4643\" data-end=\"4657\">Ideal para<\/strong><br data-start=\"4657\" data-end=\"4660\" \/>Negocios que necesitan claridad inmediata antes de tomar decisiones importantes.<\/p>\n<h3 data-start=\"4742\" data-end=\"4757\">Qu\u00e9 hacemos<\/h3>\n<ul data-start=\"4758\" data-end=\"4944\">\n<li data-start=\"4758\" data-end=\"4811\">\n<p data-start=\"4760\" data-end=\"4811\">Sesi\u00f3n de diagn\u00f3stico estrat\u00e9gico (60\u201390 minutos)<\/p>\n<\/li>\n<li data-start=\"4812\" data-end=\"4866\">\n<p data-start=\"4814\" data-end=\"4866\">Identificaci\u00f3n de las 3 \u00e1reas cr\u00edticas del negocio<\/p>\n<\/li>\n<li data-start=\"4867\" data-end=\"4899\">\n<p data-start=\"4869\" data-end=\"4899\">Recomendaciones prioritarias<\/p>\n<\/li>\n<li data-start=\"4900\" data-end=\"4944\">\n<p data-start=\"4902\" data-end=\"4944\">Mini roadmap de corto plazo (30\u201345 d\u00edas)<\/p>\n<\/li>\n<\/ul>\n<h3 data-start=\"4946\" data-end=\"4962\">Qu\u00e9 obtienes<\/h3>\n<p data-start=\"4963\" data-end=\"5045\">Claridad inmediata, prioridades definidas y pasos concretos para avanzar con foco.<\/p>\n<h3 data-start=\"5047\" data-end=\"5068\">Esfuerzo estimado<\/h3>\n<p data-start=\"5069\" data-end=\"5085\"><strong data-start=\"5069\" data-end=\"5084\">3 a 5 horas<\/strong>.<\/p>\n<hr data-start=\"5087\" data-end=\"5090\" \/>\n<h2 data-start=\"5092\" data-end=\"5117\">Informaci\u00f3n Importante<\/h2>\n<ul data-start=\"5118\" data-end=\"5269\">\n<li data-start=\"5118\" data-end=\"5161\">\n<p data-start=\"5120\" data-end=\"5161\">Todos los servicios son personalizados.<\/p>\n<\/li>\n<li data-start=\"5162\" data-end=\"5205\">\n<p data-start=\"5164\" data-end=\"5205\">No trabajamos con plantillas gen\u00e9ricas.<\/p>\n<\/li>\n<li data-start=\"5206\" data-end=\"5269\">\n<p data-start=\"5208\" data-end=\"5269\">El alcance final se ajusta seg\u00fan la complejidad del proyecto.<\/p>\n<\/li>\n<li data-start=\"5206\" data-end=\"5269\">Sino est\u00e1s segura de cu\u00e1l es el adecuado para ti, cont\u00e1ctanos para agendar una llamada de diagn\u00f3stico.<\/li>\n<\/ul>\n","protected":false},"excerpt":{"rendered":"<p>C\u00f3mo trabajamos Nuestro enfoque es claro y estructurado: Diagn\u00f3stico estrat\u00e9gico: Analizamos el estado actual del negocio, sus retos y prioridades reales. Definici\u00f3n de alcance: Alineamos objetivos, entregables y esfuerzo seg\u00fan la etapa del negocio. Construcci\u00f3n de soluciones pr\u00e1cticas: Dise\u00f1amos estructuras, procesos y documentos que realmente se usan. Acompa\u00f1amiento y ajustes: Refinamos y ajustamos para asegurar [&hellip;]<\/p>\n","protected":false},"author":1,"featured_media":0,"parent":0,"menu_order":0,"comment_status":"closed","ping_status":"closed","template":"","meta":{"footnotes":""},"class_list":["post-120","page","type-page","status-publish","hentry"],"_links":{"self":[{"href":"https:\/\/jacasesores.com\/wordpress\/index.php\/wp-json\/wp\/v2\/pages\/120","targetHints":{"allow":["GET"]}}],"collection":[{"href":"https:\/\/jacasesores.com\/wordpress\/index.php\/wp-json\/wp\/v2\/pages"}],"about":[{"href":"https:\/\/jacasesores.com\/wordpress\/index.php\/wp-json\/wp\/v2\/types\/page"}],"author":[{"embeddable":true,"href":"https:\/\/jacasesores.com\/wordpress\/index.php\/wp-json\/wp\/v2\/users\/1"}],"replies":[{"embeddable":true,"href":"https:\/\/jacasesores.com\/wordpress\/index.php\/wp-json\/wp\/v2\/comments?post=120"}],"version-history":[{"count":8,"href":"https:\/\/jacasesores.com\/wordpress\/index.php\/wp-json\/wp\/v2\/pages\/120\/revisions"}],"predecessor-version":[{"id":138,"href":"https:\/\/jacasesores.com\/wordpress\/index.php\/wp-json\/wp\/v2\/pages\/120\/revisions\/138"}],"wp:attachment":[{"href":"https:\/\/jacasesores.com\/wordpress\/index.php\/wp-json\/wp\/v2\/media?parent=120"}],"curies":[{"name":"wp","href":"https:\/\/api.w.org\/{rel}","templated":true}]}}